{"id":11,"date":"2011-05-18T23:26:35","date_gmt":"2011-05-18T21:26:35","guid":{"rendered":"http:\/\/www.timmermansgarden.se\/wordpress\/?page_id=11"},"modified":"2018-09-26T11:08:48","modified_gmt":"2018-09-26T09:08:48","slug":"kontakt","status":"publish","type":"page","link":"https:\/\/www.timmermansgarden.se\/?page_id=11","title":{"rendered":"Kontakta oss"},"content":{"rendered":"<p>F\u00f6reningen Timmermansg\u00e5rden<br \/>\nTimmermansgatan 46-48<br \/>\n118 55 Stockholm<br \/>\nTel 08-84 80 11<\/p>\n<p>e-post: info(at)timmermansgarden.se<\/p>\n<p>Klicka p\u00e5 kartan om du vill se den i ett st\u00f6rre format!<\/p>\n<p>&nbsp;<\/p>\n<p><a href=\"http:\/\/www.timmermansgarden.se\/?attachment_id=3389\" rel=\"attachment wp-att-3389\"><img loading=\"lazy\" decoding=\"async\" class=\"alignleft size-large wp-image-3389\" src=\"http:\/\/www.timmermansgarden.se\/wp-content\/uploads\/2018\/09\/karta-timmis-994x1024.jpg\" alt=\"\" width=\"640\" height=\"659\" srcset=\"https:\/\/www.timmermansgarden.se\/wp-content\/uploads\/2018\/09\/karta-timmis-994x1024.jpg 994w, https:\/\/www.timmermansgarden.se\/wp-content\/uploads\/2018\/09\/karta-timmis-291x300.jpg 291w, https:\/\/www.timmermansgarden.se\/wp-content\/uploads\/2018\/09\/karta-timmis-768x791.jpg 768w, https:\/\/www.timmermansgarden.se\/wp-content\/uploads\/2018\/09\/karta-timmis.jpg 1730w\" sizes=\"auto, (max-width: 640px) 100vw, 640px\" \/><\/a><\/p>\n<p>&nbsp;<\/p>\n<p>&nbsp;<\/p>\n<div id=\"facebook_like\"><iframe src=\"http:\/\/www.facebook.com\/plugins\/like.php?href=https%3A%2F%2Fwww.timmermansgarden.se%2F%3Fpage_id%3D11&amp;layout=standard&amp;show_faces=true&amp;width=500&amp;action=like&amp;font=segoe+ui&amp;colorscheme=light&amp;height=80\" scrolling=\"no\" frameborder=\"0\" style=\"border:none; overflow:hidden; width:500px; height:80px;\" allowTransparency=\"true\"><\/iframe><\/div>","protected":false},"excerpt":{"rendered":"<p>F\u00f6reningen Timmermansg\u00e5rden Timmermansgatan 46-48 118 55 Stockholm Tel 08-84 80 11 e-post: info(at)timmermansgarden.se Klicka p\u00e5 kartan om du vill se den i ett st\u00f6rre format! &nbsp; &nbsp; &nbsp;<\/p>\n","protected":false},"author":1,"featured_media":0,"parent":0,"menu_order":7,"comment_status":"open","ping_status":"open","template":"","meta":{"_uf_show_specific_survey":0,"_uf_disable_surveys":false,"footnotes":""},"class_list":["post-11","page","type-page","status-publish","hentry"],"aioseo_notices":[],"_links":{"self":[{"href":"https:\/\/www.timmermansgarden.se\/index.php?rest_route=\/wp\/v2\/pages\/11","targetHints":{"allow":["GET"]}}],"collection":[{"href":"https:\/\/www.timmermansgarden.se\/index.php?rest_route=\/wp\/v2\/pages"}],"about":[{"href":"https:\/\/www.timmermansgarden.se\/index.php?rest_route=\/wp\/v2\/types\/page"}],"author":[{"embeddable":true,"href":"https:\/\/www.timmermansgarden.se\/index.php?rest_route=\/wp\/v2\/users\/1"}],"replies":[{"embeddable":true,"href":"https:\/\/www.timmermansgarden.se\/index.php?rest_route=%2Fwp%2Fv2%2Fcomments&post=11"}],"version-history":[{"count":20,"href":"https:\/\/www.timmermansgarden.se\/index.php?rest_route=\/wp\/v2\/pages\/11\/revisions"}],"predecessor-version":[{"id":3390,"href":"https:\/\/www.timmermansgarden.se\/index.php?rest_route=\/wp\/v2\/pages\/11\/revisions\/3390"}],"wp:attachment":[{"href":"https:\/\/www.timmermansgarden.se\/index.php?rest_route=%2Fwp%2Fv2%2Fmedia&parent=11"}],"curies":[{"name":"wp","href":"https:\/\/api.w.org\/{rel}","templated":true}]}}