{"id":224,"date":"2011-07-03T18:23:41","date_gmt":"2011-07-03T16:23:41","guid":{"rendered":"http:\/\/www.timmermansgarden.se\/wordpress\/?page_id=224"},"modified":"2018-09-26T11:11:34","modified_gmt":"2018-09-26T09:11:34","slug":"karta","status":"publish","type":"page","link":"https:\/\/www.timmermansgarden.se\/?page_id=224","title":{"rendered":"Karta"},"content":{"rendered":"<p>Timmermansg\u00e5rden ligger centralt p\u00e5 s\u00f6dermalm med promenadavst\u00e5nd fr\u00e5n pendelt\u00e5gen vid S\u00f6dra Station och tunnelbanan vid Mariatorget. Buss\u00a0 55, 57 och 66 stannar precis utanf\u00f6r p\u00e5 Timmermansgatan.<\/p>\n<p style=\"text-align: center;\"><a href=\"http:\/\/www.timmermansgarden.se\/?attachment_id=3389\" rel=\"attachment wp-att-3389\"><img loading=\"lazy\" decoding=\"async\" class=\"alignleft  wp-image-3389\" src=\"http:\/\/www.timmermansgarden.se\/wp-content\/uploads\/2018\/09\/karta-timmis-994x1024.jpg\" alt=\"\" width=\"654\" height=\"674\" srcset=\"https:\/\/www.timmermansgarden.se\/wp-content\/uploads\/2018\/09\/karta-timmis-994x1024.jpg 994w, https:\/\/www.timmermansgarden.se\/wp-content\/uploads\/2018\/09\/karta-timmis-291x300.jpg 291w, https:\/\/www.timmermansgarden.se\/wp-content\/uploads\/2018\/09\/karta-timmis-768x791.jpg 768w, https:\/\/www.timmermansgarden.se\/wp-content\/uploads\/2018\/09\/karta-timmis.jpg 1730w\" sizes=\"auto, (max-width: 654px) 100vw, 654px\" \/><\/a><\/p>\n<p>&nbsp;<\/p>\n<p>&nbsp;<\/p>\n<div id=\"facebook_like\"><iframe src=\"http:\/\/www.facebook.com\/plugins\/like.php?href=https%3A%2F%2Fwww.timmermansgarden.se%2F%3Fpage_id%3D224&amp;layout=standard&amp;show_faces=true&amp;width=500&amp;action=like&amp;font=segoe+ui&amp;colorscheme=light&amp;height=80\" scrolling=\"no\" frameborder=\"0\" style=\"border:none; overflow:hidden; width:500px; height:80px;\" allowTransparency=\"true\"><\/iframe><\/div>","protected":false},"excerpt":{"rendered":"<p>Timmermansg\u00e5rden ligger centralt p\u00e5 s\u00f6dermalm med promenadavst\u00e5nd fr\u00e5n pendelt\u00e5gen vid S\u00f6dra Station och tunnelbanan vid Mariatorget. Buss\u00a0 55, 57 och 66 stannar precis utanf\u00f6r p\u00e5 Timmermansgatan. &nbsp; &nbsp;<\/p>\n","protected":false},"author":1,"featured_media":0,"parent":11,"menu_order":1,"comment_status":"open","ping_status":"open","template":"","meta":{"_uf_show_specific_survey":0,"_uf_disable_surveys":false,"footnotes":""},"class_list":["post-224","page","type-page","status-publish","hentry"],"aioseo_notices":[],"_links":{"self":[{"href":"https:\/\/www.timmermansgarden.se\/index.php?rest_route=\/wp\/v2\/pages\/224","targetHints":{"allow":["GET"]}}],"collection":[{"href":"https:\/\/www.timmermansgarden.se\/index.php?rest_route=\/wp\/v2\/pages"}],"about":[{"href":"https:\/\/www.timmermansgarden.se\/index.php?rest_route=\/wp\/v2\/types\/page"}],"author":[{"embeddable":true,"href":"https:\/\/www.timmermansgarden.se\/index.php?rest_route=\/wp\/v2\/users\/1"}],"replies":[{"embeddable":true,"href":"https:\/\/www.timmermansgarden.se\/index.php?rest_route=%2Fwp%2Fv2%2Fcomments&post=224"}],"version-history":[{"count":15,"href":"https:\/\/www.timmermansgarden.se\/index.php?rest_route=\/wp\/v2\/pages\/224\/revisions"}],"predecessor-version":[{"id":3391,"href":"https:\/\/www.timmermansgarden.se\/index.php?rest_route=\/wp\/v2\/pages\/224\/revisions\/3391"}],"up":[{"embeddable":true,"href":"https:\/\/www.timmermansgarden.se\/index.php?rest_route=\/wp\/v2\/pages\/11"}],"wp:attachment":[{"href":"https:\/\/www.timmermansgarden.se\/index.php?rest_route=%2Fwp%2Fv2%2Fmedia&parent=224"}],"curies":[{"name":"wp","href":"https:\/\/api.w.org\/{rel}","templated":true}]}}