{"id":241,"date":"2011-07-05T12:41:00","date_gmt":"2011-07-05T10:41:00","guid":{"rendered":"http:\/\/www.timmermansgarden.se\/wordpress\/?page_id=241"},"modified":"2026-02-11T17:05:52","modified_gmt":"2026-02-11T15:05:52","slug":"bilder-fran-hemgarden","status":"publish","type":"page","link":"https:\/\/www.timmermansgarden.se\/?page_id=241","title":{"rendered":"Bilder fr\u00e5n hemg\u00e5rden"},"content":{"rendered":"<p style=\"text-align: left;\">Bild fr\u00e5n Analogfotografernas v\u00e5rutst\u00e4llning p\u00e5 Timmermansg\u00e5rden den 22-23 april 2017<\/p>\n<p style=\"text-align: center;\"><a href=\"http:\/\/www.timmermansgarden.se\/wp-content\/uploads\/2011\/07\/analogfotograferna.jpg\"><img loading=\"lazy\" decoding=\"async\" class=\"size-medium wp-image-2808\" title=\"analogfotograferna\" src=\"http:\/\/www.timmermansgarden.se\/wp-content\/uploads\/2011\/07\/analogfotograferna-300x225.jpg\" alt=\"\" width=\"368\" height=\"276\" srcset=\"https:\/\/www.timmermansgarden.se\/wp-content\/uploads\/2011\/07\/analogfotograferna-300x225.jpg 300w, https:\/\/www.timmermansgarden.se\/wp-content\/uploads\/2011\/07\/analogfotograferna-1024x768.jpg 1024w\" sizes=\"auto, (max-width: 368px) 100vw, 368px\" \/><\/a><\/p>\n<p style=\"text-align: center;\">&nbsp;<\/p>\n<p style=\"text-align: left;\">&nbsp;<\/p>\n<p style=\"text-align: left;\">Bilder fr\u00e5n premi\u00e4ren den 7\/2 av &#8221;Kulturafton&#8221; p\u00e5 Timmermansg\u00e5rden.<br \/>\nS\u00f6ders  minsta kulturscen flyttar in till oss den f\u00f6rsta tisdagen  varje m\u00e5nad.<br \/>\nF\u00f6r mer info: <a href=\"http:\/\/kulturscenen.se\">www.kulturscenen.se<\/a><\/p>\n<p>&nbsp;<\/p>\n<figure id=\"attachment_2710\" aria-describedby=\"caption-attachment-2710\" style=\"width: 367px\" class=\"wp-caption aligncenter\"><a href=\"http:\/\/www.timmermansgarden.se\/wp-content\/uploads\/2011\/07\/DSC3606.web_.jpg\"><img loading=\"lazy\" decoding=\"async\" class=\"size-full wp-image-2710\" title=\"_DSC3606.web\" src=\"http:\/\/www.timmermansgarden.se\/wp-content\/uploads\/2011\/07\/DSC3606.web_.jpg\" alt=\"\" width=\"367\" height=\"549\" srcset=\"https:\/\/www.timmermansgarden.se\/wp-content\/uploads\/2011\/07\/DSC3606.web_.jpg 526w, https:\/\/www.timmermansgarden.se\/wp-content\/uploads\/2011\/07\/DSC3606.web_-200x300.jpg 200w\" sizes=\"auto, (max-width: 367px) 100vw, 367px\" \/><\/a><figcaption id=\"caption-attachment-2710\" class=\"wp-caption-text\">Sandra Vippala<\/figcaption><\/figure>\n<figure id=\"attachment_2713\" aria-describedby=\"caption-attachment-2713\" style=\"width: 445px\" class=\"wp-caption aligncenter\"><a href=\"http:\/\/www.timmermansgarden.se\/wp-content\/uploads\/2011\/07\/lillmarit.web_.jpg\"><img loading=\"lazy\" decoding=\"async\" class=\"size-full wp-image-2713 \" title=\"lillmarit.web\" src=\"http:\/\/www.timmermansgarden.se\/wp-content\/uploads\/2011\/07\/lillmarit.web_.jpg\" alt=\"\" width=\"445\" height=\"297\" srcset=\"https:\/\/www.timmermansgarden.se\/wp-content\/uploads\/2011\/07\/lillmarit.web_.jpg 591w, https:\/\/www.timmermansgarden.se\/wp-content\/uploads\/2011\/07\/lillmarit.web_-300x200.jpg 300w\" sizes=\"auto, (max-width: 445px) 100vw, 445px\" \/><\/a><figcaption id=\"caption-attachment-2713\" class=\"wp-caption-text\">Lill-Marit Bugge<\/figcaption><\/figure>\n<figure id=\"attachment_2711\" aria-describedby=\"caption-attachment-2711\" style=\"width: 327px\" class=\"wp-caption aligncenter\"><a href=\"http:\/\/www.timmermansgarden.se\/wp-content\/uploads\/2011\/07\/Frippe.web_.jpg\"><img loading=\"lazy\" decoding=\"async\" class=\"size-full wp-image-2711\" title=\"Frippe.web\" src=\"http:\/\/www.timmermansgarden.se\/wp-content\/uploads\/2011\/07\/Frippe.web_.jpg\" alt=\"\" width=\"327\" height=\"490\" srcset=\"https:\/\/www.timmermansgarden.se\/wp-content\/uploads\/2011\/07\/Frippe.web_.jpg 526w, https:\/\/www.timmermansgarden.se\/wp-content\/uploads\/2011\/07\/Frippe.web_-200x300.jpg 200w\" sizes=\"auto, (max-width: 327px) 100vw, 327px\" \/><\/a><figcaption id=\"caption-attachment-2711\" class=\"wp-caption-text\">Frippe Nilsson<\/figcaption><\/figure>\n<figure id=\"attachment_2712\" aria-describedby=\"caption-attachment-2712\" style=\"width: 787px\" class=\"wp-caption aligncenter\"><a href=\"http:\/\/www.timmermansgarden.se\/wp-content\/uploads\/2011\/07\/gitarr..web_.jpg\"><img loading=\"lazy\" decoding=\"async\" class=\"size-full wp-image-2712\" title=\"gitarr..web\" src=\"http:\/\/www.timmermansgarden.se\/wp-content\/uploads\/2011\/07\/gitarr..web_.jpg\" alt=\"\" width=\"787\" height=\"526\" srcset=\"https:\/\/www.timmermansgarden.se\/wp-content\/uploads\/2011\/07\/gitarr..web_.jpg 787w, https:\/\/www.timmermansgarden.se\/wp-content\/uploads\/2011\/07\/gitarr..web_-300x200.jpg 300w\" sizes=\"auto, (max-width: 787px) 100vw, 787px\" \/><\/a><figcaption id=\"caption-attachment-2712\" class=\"wp-caption-text\">Martin Serner<\/figcaption><\/figure>\n<figure id=\"attachment_2714\" aria-describedby=\"caption-attachment-2714\" style=\"width: 787px\" class=\"wp-caption aligncenter\"><a href=\"http:\/\/www.timmermansgarden.se\/wp-content\/uploads\/2011\/07\/s\u00e5ng.web_.jpg\"><img loading=\"lazy\" decoding=\"async\" class=\"size-full wp-image-2714\" title=\"s\u00e5ng.web\" src=\"http:\/\/www.timmermansgarden.se\/wp-content\/uploads\/2011\/07\/s\u00e5ng.web_.jpg\" alt=\"\" width=\"787\" height=\"526\" srcset=\"https:\/\/www.timmermansgarden.se\/wp-content\/uploads\/2011\/07\/s\u00e5ng.web_.jpg 787w, https:\/\/www.timmermansgarden.se\/wp-content\/uploads\/2011\/07\/s\u00e5ng.web_-300x200.jpg 300w\" sizes=\"auto, (max-width: 787px) 100vw, 787px\" \/><\/a><figcaption id=\"caption-attachment-2714\" class=\"wp-caption-text\">Cecilia Thorngren med Erik Fridell p\u00e5 dragspel.<\/figcaption><\/figure>\n<p><strong>Interi\u00f6rbilder fr\u00e5n caf\u00e9et.<\/strong><\/p>\n<p><a href=\"http:\/\/www.timmermansgarden.se\/wp-content\/uploads\/2014\/08\/DSC2085.jpg\"><img loading=\"lazy\" decoding=\"async\" class=\"alignleft size-full wp-image-1694\" title=\"caf\u00e9et-2\" src=\"http:\/\/www.timmermansgarden.se\/wp-content\/uploads\/2014\/08\/DSC2085.jpg\" alt=\"\" width=\"1000\" height=\"668\" srcset=\"https:\/\/www.timmermansgarden.se\/wp-content\/uploads\/2014\/08\/DSC2085.jpg 1000w, https:\/\/www.timmermansgarden.se\/wp-content\/uploads\/2014\/08\/DSC2085-300x200.jpg 300w\" sizes=\"auto, (max-width: 1000px) 100vw, 1000px\" \/><\/a><\/p>\n<p><a href=\"http:\/\/www.timmermansgarden.se\/wp-content\/uploads\/2014\/08\/DSC2068.jpg\"><img loading=\"lazy\" decoding=\"async\" class=\"alignleft size-full wp-image-1693\" title=\"caf\u00e9et-1\" src=\"http:\/\/www.timmermansgarden.se\/wp-content\/uploads\/2014\/08\/DSC2068.jpg\" alt=\"\" width=\"1000\" height=\"668\" srcset=\"https:\/\/www.timmermansgarden.se\/wp-content\/uploads\/2014\/08\/DSC2068.jpg 1000w, https:\/\/www.timmermansgarden.se\/wp-content\/uploads\/2014\/08\/DSC2068-300x200.jpg 300w\" sizes=\"auto, (max-width: 1000px) 100vw, 1000px\" \/><\/a><a href=\"http:\/\/www.timmermansgarden.se\/wp-content\/uploads\/2011\/07\/bred-1.jpg\"><img loading=\"lazy\" decoding=\"async\" class=\"alignleft size-full wp-image-1705\" title=\"bred-1\" src=\"http:\/\/www.timmermansgarden.se\/wp-content\/uploads\/2011\/07\/bred-1.jpg\" alt=\"\" width=\"6016\" height=\"4016\" srcset=\"https:\/\/www.timmermansgarden.se\/wp-content\/uploads\/2011\/07\/bred-1.jpg 6016w, https:\/\/www.timmermansgarden.se\/wp-content\/uploads\/2011\/07\/bred-1-300x200.jpg 300w, https:\/\/www.timmermansgarden.se\/wp-content\/uploads\/2011\/07\/bred-1-1024x683.jpg 1024w\" sizes=\"auto, (max-width: 6016px) 100vw, 6016px\" \/><\/a><\/p>\n<div id=\"facebook_like\"><iframe src=\"http:\/\/www.facebook.com\/plugins\/like.php?href=https%3A%2F%2Fwww.timmermansgarden.se%2F%3Fpage_id%3D241&amp;layout=standard&amp;show_faces=true&amp;width=500&amp;action=like&amp;font=segoe+ui&amp;colorscheme=light&amp;height=80\" scrolling=\"no\" frameborder=\"0\" style=\"border:none; overflow:hidden; width:500px; height:80px;\" allowTransparency=\"true\"><\/iframe><\/div>","protected":false},"excerpt":{"rendered":"<p>Bild fr\u00e5n Analogfotografernas v\u00e5rutst\u00e4llning p\u00e5 Timmermansg\u00e5rden den 22-23 april 2017 &nbsp; &nbsp; Bilder fr\u00e5n premi\u00e4ren den 7\/2 av &#8221;Kulturafton&#8221; p\u00e5 Timmermansg\u00e5rden. S\u00f6ders minsta kulturscen flyttar in till oss den f\u00f6rsta tisdagen varje m\u00e5nad. F\u00f6r mer info: www.kulturscenen.se &nbsp; Interi\u00f6rbilder fr\u00e5n caf\u00e9et.<\/p>\n","protected":false},"author":1,"featured_media":0,"parent":0,"menu_order":1,"comment_status":"open","ping_status":"open","template":"","meta":{"_uf_show_specific_survey":0,"_uf_disable_surveys":false,"footnotes":""},"class_list":["post-241","page","type-page","status-publish","hentry"],"aioseo_notices":[],"_links":{"self":[{"href":"https:\/\/www.timmermansgarden.se\/index.php?rest_route=\/wp\/v2\/pages\/241","targetHints":{"allow":["GET"]}}],"collection":[{"href":"https:\/\/www.timmermansgarden.se\/index.php?rest_route=\/wp\/v2\/pages"}],"about":[{"href":"https:\/\/www.timmermansgarden.se\/index.php?rest_route=\/wp\/v2\/types\/page"}],"author":[{"embeddable":true,"href":"https:\/\/www.timmermansgarden.se\/index.php?rest_route=\/wp\/v2\/users\/1"}],"replies":[{"embeddable":true,"href":"https:\/\/www.timmermansgarden.se\/index.php?rest_route=%2Fwp%2Fv2%2Fcomments&post=241"}],"version-history":[{"count":20,"href":"https:\/\/www.timmermansgarden.se\/index.php?rest_route=\/wp\/v2\/pages\/241\/revisions"}],"predecessor-version":[{"id":2816,"href":"https:\/\/www.timmermansgarden.se\/index.php?rest_route=\/wp\/v2\/pages\/241\/revisions\/2816"}],"wp:attachment":[{"href":"https:\/\/www.timmermansgarden.se\/index.php?rest_route=%2Fwp%2Fv2%2Fmedia&parent=241"}],"curies":[{"name":"wp","href":"https:\/\/api.w.org\/{rel}","templated":true}]}}