{"id":295,"date":"2011-08-15T10:51:38","date_gmt":"2011-08-15T08:51:38","guid":{"rendered":"http:\/\/www.timmermansgarden.se\/?page_id=295"},"modified":"2024-09-18T11:30:21","modified_gmt":"2024-09-18T09:30:21","slug":"vanforening","status":"publish","type":"page","link":"https:\/\/www.timmermansgarden.se\/?page_id=295","title":{"rendered":"F\u00f6reningen Timmermansg\u00e5rden"},"content":{"rendered":"<p>F\u00f6reningen Timmermansg\u00e5rden \u00e4r en ideell f\u00f6rening som bedriver verksamhet p\u00e5 Timmermansg\u00e5rden f\u00f6r m\u00e4nniskor i alla \u00e5ldrar. Medlemmarna\u00a0 kallas till \u00e5rsm\u00f6te och bjuds in till st\u00f6rre evenemang p\u00e5 hemg\u00e5rden. Som medlem f\u00e5r du ocks\u00e5 rabatt p\u00e5 ett flertal kurser.<\/p>\n<p>Medlemsavgiften \u00e4r 100:- och betalas enklast in p\u00e5 v\u00e5rt Plusgirokonto 40 95 14-7<br \/>\nVi h\u00e4lsar varmt nya medlemmar v\u00e4lkomna!<\/p>\n<p><strong>Nu st\u00e4rks skyddet av dina personuppgifter<\/strong><\/p>\n<p>Som medlem i Timmermansg\u00e5rden och som kursdeltagare i v\u00e5ra studiecirklar \u00e4r det viktigt att du vet hur vi hanterar dina personuppgifter. Den 25 maj 2018 b\u00f6rjar vi och resten av EU f\u00f6lja den nya dataskyddsf\u00f6rordningen GDPR.<br \/>\nTimmermansg\u00e5rden hanterar dina personuppgifter i ett medlemsregister. Det inneh\u00e5ller bland annat ditt namn, personnummer, adress, telefonnummer och ibland \u00e4ven e-postadress.<br \/>\nVi hanterar dina personuppgifter bland annat f\u00f6r att g\u00f6ra medlemsutskick, kalla till kurser och aktiviteter som Timmermansg\u00e5rden ordnar. Personuppgifter l\u00e4mnas ocks\u00e5 f\u00f6r kursdeltagare vid redovisning av studiecirklar mot studief\u00f6rbund.<br \/>\nVi \u00e4r personuppgiftsansvariga och hanterar dina uppgifter enligt GDPR.<\/p>\n<p><strong>Det inneb\u00e4r bland annat att vi ser till att ha ett tydligt syfte, ha en r\u00e4ttslig grund och att vi skyddar uppgifterna.<\/strong><\/p>\n<p>Du har r\u00e4tt att f\u00e5 ett utdrag av all information vi registrerat om dig.<br \/>\nDu har r\u00e4tt att beg\u00e4ra \u00e4ndring av dina registrerade personuppgifter.<br \/>\nDu har r\u00e4tt att \u00e5terkalla detta samtycke.<br \/>\nDu har r\u00e4tt att bli raderad fr\u00e5n v\u00e5ra register. Med undantag av s\u00e5dant d\u00e4r lagen kr\u00e4ver eller till\u00e5ter att vi sparar informationen.<\/p>\n<p>Vill du nyttja dina r\u00e4ttigheter ber vi dig kontakta oss.<\/p>\n<div id=\"facebook_like\"><iframe src=\"http:\/\/www.facebook.com\/plugins\/like.php?href=https%3A%2F%2Fwww.timmermansgarden.se%2F%3Fpage_id%3D295&amp;layout=standard&amp;show_faces=true&amp;width=500&amp;action=like&amp;font=segoe+ui&amp;colorscheme=light&amp;height=80\" scrolling=\"no\" frameborder=\"0\" style=\"border:none; overflow:hidden; width:500px; height:80px;\" allowTransparency=\"true\"><\/iframe><\/div>","protected":false},"excerpt":{"rendered":"<p>F\u00f6reningen Timmermansg\u00e5rden \u00e4r en ideell f\u00f6rening som bedriver verksamhet p\u00e5 Timmermansg\u00e5rden f\u00f6r m\u00e4nniskor i alla \u00e5ldrar. Medlemmarna\u00a0 kallas till \u00e5rsm\u00f6te och bjuds in till st\u00f6rre evenemang p\u00e5 hemg\u00e5rden. Som medlem f\u00e5r du ocks\u00e5 rabatt p\u00e5 ett flertal kurser. Medlemsavgiften \u00e4r 100:- och betalas enklast in p\u00e5 v\u00e5rt Plusgirokonto 40 95 14-7 Vi h\u00e4lsar varmt nya&#8230;<\/p>\n","protected":false},"author":1,"featured_media":0,"parent":9,"menu_order":2,"comment_status":"closed","ping_status":"closed","template":"","meta":{"_uf_show_specific_survey":0,"_uf_disable_surveys":false,"footnotes":""},"class_list":["post-295","page","type-page","status-publish","hentry"],"aioseo_notices":[],"_links":{"self":[{"href":"https:\/\/www.timmermansgarden.se\/index.php?rest_route=\/wp\/v2\/pages\/295","targetHints":{"allow":["GET"]}}],"collection":[{"href":"https:\/\/www.timmermansgarden.se\/index.php?rest_route=\/wp\/v2\/pages"}],"about":[{"href":"https:\/\/www.timmermansgarden.se\/index.php?rest_route=\/wp\/v2\/types\/page"}],"author":[{"embeddable":true,"href":"https:\/\/www.timmermansgarden.se\/index.php?rest_route=\/wp\/v2\/users\/1"}],"replies":[{"embeddable":true,"href":"https:\/\/www.timmermansgarden.se\/index.php?rest_route=%2Fwp%2Fv2%2Fcomments&post=295"}],"version-history":[{"count":22,"href":"https:\/\/www.timmermansgarden.se\/index.php?rest_route=\/wp\/v2\/pages\/295\/revisions"}],"predecessor-version":[{"id":7952,"href":"https:\/\/www.timmermansgarden.se\/index.php?rest_route=\/wp\/v2\/pages\/295\/revisions\/7952"}],"up":[{"embeddable":true,"href":"https:\/\/www.timmermansgarden.se\/index.php?rest_route=\/wp\/v2\/pages\/9"}],"wp:attachment":[{"href":"https:\/\/www.timmermansgarden.se\/index.php?rest_route=%2Fwp%2Fv2%2Fmedia&parent=295"}],"curies":[{"name":"wp","href":"https:\/\/api.w.org\/{rel}","templated":true}]}}