{"id":450,"date":"2011-09-13T15:12:22","date_gmt":"2011-09-13T13:12:22","guid":{"rendered":"http:\/\/www.timmermansgarden.se\/?page_id=450"},"modified":"2018-10-09T09:45:52","modified_gmt":"2018-10-09T07:45:52","slug":"stockholms-hemgardar","status":"publish","type":"page","link":"https:\/\/www.timmermansgarden.se\/?page_id=450","title":{"rendered":"Stockholms Hemg\u00e5rdar"},"content":{"rendered":"<p>I Stockholm finns f\u00f6ljande hemg\u00e5rdar:<\/p>\n<p><a href=\"http:\/\/www.timmermansgarden.se\"><strong>Timmermansg\u00e5rden<\/strong><\/a><br \/>\nTimmermansgatan 46\u201348<br \/>\n118 55\u00a0 Stockholm<br \/>\n08-848011<\/p>\n<p><a href=\"http:\/\/www.birkagarden.se\"><strong>Birkag\u00e5rden<\/strong><\/a><br \/>\nKarlbergsv\u00e4gen 86 B<br \/>\n113 35 Stockholm<br \/>\n08-349635<\/p>\n<p><a href=\"http:\/\/www.midsommargarden.se\"><strong>Midsommarg\u00e5rden<\/strong><\/a><br \/>\nTelefonplan<br \/>\n126 37 H\u00e4gersten<br \/>\n08-645 89 31<\/p>\n<p><a href=\"http:\/\/www.masterolofsgarden.se\"><strong>M\u00e4ster Olofsg\u00e5rden<\/strong><\/a><br \/>\nStortorget 7<br \/>\n111 29 Stockholm<br \/>\n08-10 20 19<\/p>\n<p><a href=\"http:\/\/www.skeppsholmsgarden.se\/\"><strong>Skeppsholmsg\u00e5rden<\/strong><\/a><br \/>\n\u00d6stra Brob\u00e4nken<br \/>\n111 49 Stockholm<br \/>\n08-684 252 00<\/p>\n<p><a href=\"https:\/\/sodergarden.org\/\"><strong>S\u00f6derg\u00e5rden<\/strong><\/a><br \/>\nG\u00f6tgatan 37<br \/>\n118 26 Stockholm<br \/>\n08-643 66 89<\/p>\n<p>Stockholms alla hemg\u00e5rdar har ocks\u00e5 en gemensam hemsida: <a href=\"http:\/\/www.stockholmshemgardar.se\" target=\"_blank\" rel=\"noopener\">Stockholms hemg\u00e5rdar<\/a><\/p>\n<p>&nbsp;<\/p>\n<div id=\"facebook_like\"><iframe src=\"http:\/\/www.facebook.com\/plugins\/like.php?href=https%3A%2F%2Fwww.timmermansgarden.se%2F%3Fpage_id%3D450&amp;layout=standard&amp;show_faces=true&amp;width=500&amp;action=like&amp;font=segoe+ui&amp;colorscheme=light&amp;height=80\" scrolling=\"no\" frameborder=\"0\" style=\"border:none; overflow:hidden; width:500px; height:80px;\" allowTransparency=\"true\"><\/iframe><\/div>","protected":false},"excerpt":{"rendered":"<p>I Stockholm finns f\u00f6ljande hemg\u00e5rdar: Timmermansg\u00e5rden Timmermansgatan 46\u201348 118 55\u00a0 Stockholm 08-848011 Birkag\u00e5rden Karlbergsv\u00e4gen 86 B 113 35 Stockholm 08-349635 Midsommarg\u00e5rden Telefonplan 126 37 H\u00e4gersten 08-645 89 31 M\u00e4ster Olofsg\u00e5rden Stortorget 7 111 29 Stockholm 08-10 20 19 Skeppsholmsg\u00e5rden \u00d6stra Brob\u00e4nken 111 49 Stockholm 08-684 252 00 S\u00f6derg\u00e5rden G\u00f6tgatan 37 118 26 Stockholm 08-643 66&#8230;<\/p>\n","protected":false},"author":1,"featured_media":0,"parent":9,"menu_order":1,"comment_status":"closed","ping_status":"closed","template":"","meta":{"_uf_show_specific_survey":0,"_uf_disable_surveys":false,"footnotes":""},"class_list":["post-450","page","type-page","status-publish","hentry"],"aioseo_notices":[],"_links":{"self":[{"href":"https:\/\/www.timmermansgarden.se\/index.php?rest_route=\/wp\/v2\/pages\/450","targetHints":{"allow":["GET"]}}],"collection":[{"href":"https:\/\/www.timmermansgarden.se\/index.php?rest_route=\/wp\/v2\/pages"}],"about":[{"href":"https:\/\/www.timmermansgarden.se\/index.php?rest_route=\/wp\/v2\/types\/page"}],"author":[{"embeddable":true,"href":"https:\/\/www.timmermansgarden.se\/index.php?rest_route=\/wp\/v2\/users\/1"}],"replies":[{"embeddable":true,"href":"https:\/\/www.timmermansgarden.se\/index.php?rest_route=%2Fwp%2Fv2%2Fcomments&post=450"}],"version-history":[{"count":14,"href":"https:\/\/www.timmermansgarden.se\/index.php?rest_route=\/wp\/v2\/pages\/450\/revisions"}],"predecessor-version":[{"id":3418,"href":"https:\/\/www.timmermansgarden.se\/index.php?rest_route=\/wp\/v2\/pages\/450\/revisions\/3418"}],"up":[{"embeddable":true,"href":"https:\/\/www.timmermansgarden.se\/index.php?rest_route=\/wp\/v2\/pages\/9"}],"wp:attachment":[{"href":"https:\/\/www.timmermansgarden.se\/index.php?rest_route=%2Fwp%2Fv2%2Fmedia&parent=450"}],"curies":[{"name":"wp","href":"https:\/\/api.w.org\/{rel}","templated":true}]}}