{"id":6190,"date":"2025-04-22T16:10:25","date_gmt":"2025-04-22T14:10:25","guid":{"rendered":"https:\/\/www.timmermansgarden.se\/?page_id=6190"},"modified":"2026-02-10T21:02:59","modified_gmt":"2026-02-10T19:02:59","slug":"medlemskap","status":"publish","type":"page","link":"https:\/\/www.timmermansgarden.se\/?page_id=6190","title":{"rendered":"BLI MEDLEM"},"content":{"rendered":"\n<p>Som medlem f\u00e5r du rabatt p\u00e5 v\u00e5ra kurser, nyhetsbrev med aktuella h\u00e4ndelser och m\u00f6jlighet att delta i v\u00e5ra evenemang.<br>Du st\u00f6djer ocks\u00e5 v\u00e5r ideella verksamhet som arbetar f\u00f6r gemenskap, kultur och kreativitet p\u00e5 S\u00f6dermalm. Medlemskapet kostar bara 100 kr per \u00e5r \u2013 klicka p\u00e5 knappen nedan f\u00f6r att bli medlem!<\/p>\n\n\n\n<div class=\"wp-block-buttons is-content-justification-center is-layout-flex wp-container-core-buttons-is-layout-16018d1d wp-block-buttons-is-layout-flex\" style=\"font-style:normal;font-weight:800;text-transform:uppercase\">\n<div class=\"wp-block-button is-style-fill\"><a class=\"wp-block-button__link has-white-color has-luminous-vivid-orange-background-color has-text-color has-background has-link-color wp-element-button\" href=\"https:\/\/forms.gle\/8qUYVYnzwdGitmGK9\">Bli medlem h\u00e4r!<\/a><\/div>\n<\/div>\n\n\n\n<p><\/p>\n<div id=\"facebook_like\"><iframe src=\"http:\/\/www.facebook.com\/plugins\/like.php?href=https%3A%2F%2Fwww.timmermansgarden.se%2F%3Fpage_id%3D6190&amp;layout=standard&amp;show_faces=true&amp;width=500&amp;action=like&amp;font=segoe+ui&amp;colorscheme=light&amp;height=80\" scrolling=\"no\" frameborder=\"0\" style=\"border:none; overflow:hidden; width:500px; height:80px;\" allowTransparency=\"true\"><\/iframe><\/div>","protected":false},"excerpt":{"rendered":"<p>Som medlem f\u00e5r du rabatt p\u00e5 v\u00e5ra kurser, nyhetsbrev med aktuella h\u00e4ndelser och m\u00f6jlighet att delta i v\u00e5ra evenemang.Du st\u00f6djer ocks\u00e5 v\u00e5r ideella verksamhet som arbetar f\u00f6r gemenskap, kultur och kreativitet p\u00e5 S\u00f6dermalm. Medlemskapet kostar bara 100 kr per \u00e5r \u2013 klicka p\u00e5 knappen nedan f\u00f6r att bli medlem!<\/p>\n","protected":false},"author":1,"featured_media":0,"parent":0,"menu_order":7,"comment_status":"closed","ping_status":"closed","template":"","meta":{"_uf_show_specific_survey":0,"_uf_disable_surveys":false,"footnotes":""},"class_list":["post-6190","page","type-page","status-publish","hentry"],"aioseo_notices":[],"_links":{"self":[{"href":"https:\/\/www.timmermansgarden.se\/index.php?rest_route=\/wp\/v2\/pages\/6190","targetHints":{"allow":["GET"]}}],"collection":[{"href":"https:\/\/www.timmermansgarden.se\/index.php?rest_route=\/wp\/v2\/pages"}],"about":[{"href":"https:\/\/www.timmermansgarden.se\/index.php?rest_route=\/wp\/v2\/types\/page"}],"author":[{"embeddable":true,"href":"https:\/\/www.timmermansgarden.se\/index.php?rest_route=\/wp\/v2\/users\/1"}],"replies":[{"embeddable":true,"href":"https:\/\/www.timmermansgarden.se\/index.php?rest_route=%2Fwp%2Fv2%2Fcomments&post=6190"}],"version-history":[{"count":13,"href":"https:\/\/www.timmermansgarden.se\/index.php?rest_route=\/wp\/v2\/pages\/6190\/revisions"}],"predecessor-version":[{"id":7439,"href":"https:\/\/www.timmermansgarden.se\/index.php?rest_route=\/wp\/v2\/pages\/6190\/revisions\/7439"}],"wp:attachment":[{"href":"https:\/\/www.timmermansgarden.se\/index.php?rest_route=%2Fwp%2Fv2%2Fmedia&parent=6190"}],"curies":[{"name":"wp","href":"https:\/\/api.w.org\/{rel}","templated":true}]}}