{"id":7647,"date":"2026-02-27T13:44:37","date_gmt":"2026-02-27T11:44:37","guid":{"rendered":"https:\/\/www.timmermansgarden.se\/?page_id=7647"},"modified":"2026-03-20T13:33:28","modified_gmt":"2026-03-20T11:33:28","slug":"jobba-hos-oss","status":"publish","type":"page","link":"https:\/\/www.timmermansgarden.se\/?page_id=7647","title":{"rendered":"JOBBA HOS OSS"},"content":{"rendered":"\n<p class=\"has-text-align-center\" style=\"font-size:25px\">P\u00e5 Timmermansg\u00e5rden \u00e4r vi ett h\u00e4rligt g\u00e4ng som jobbar! Allt ifr\u00e5n kommunikat\u00f6rer och fritidsledare till teaterpedagoger och kursledare. Nedan hittar du de tj\u00e4nster som vi just nu letar efter, men du \u00e4r alltid varmt v\u00e4lkommen att h\u00f6ra av dig till oss om du har en egen id\u00e9 eller ett engagemang som du skulle vilja bidra med hos oss!<\/p>\n\n\n\n<div style=\"height:100px\" aria-hidden=\"true\" class=\"wp-block-spacer\"><\/div>\n\n\n\n<h2 class=\"wp-block-heading\" style=\"text-transform:uppercase\">VOLONT\u00c4R<\/h2>\n\n\n\n<h3 class=\"wp-block-heading\">Om volont\u00e4rarbete p\u00e5 Timmermansg\u00e5rden<\/h3>\n\n\n\n<p>Timmermansg\u00e5rden har sedan start varit beroende av eldsj\u00e4lar och volont\u00e4rarbete. Vi vill att s\u00e5 mycket som m\u00f6jligt av v\u00e5r verksamhet ska vara gratis eller h\u00e5lla ett l\u00e5gt pris.<\/p>\n\n\n\n<p>Vi s\u00f6ker d\u00e4rf\u00f6r alltid efter volont\u00e4rer till alla v\u00e5ra verksamheter! \u00c4r du sugen p\u00e5 att hoppa in och jobba i v\u00e5rt kaf\u00e9, hj\u00e4lpa till p\u00e5 ett evenemang eller vill du kanske styra upp n\u00e5got eget? Kontakta oss g\u00e4rna!<\/p>\n<div id=\"facebook_like\"><iframe src=\"http:\/\/www.facebook.com\/plugins\/like.php?href=https%3A%2F%2Fwww.timmermansgarden.se%2F%3Fpage_id%3D7647&amp;layout=standard&amp;show_faces=true&amp;width=500&amp;action=like&amp;font=segoe+ui&amp;colorscheme=light&amp;height=80\" scrolling=\"no\" frameborder=\"0\" style=\"border:none; overflow:hidden; width:500px; height:80px;\" allowTransparency=\"true\"><\/iframe><\/div>","protected":false},"excerpt":{"rendered":"<p>P\u00e5 Timmermansg\u00e5rden \u00e4r vi ett h\u00e4rligt g\u00e4ng som jobbar! Allt ifr\u00e5n kommunikat\u00f6rer och fritidsledare till teaterpedagoger och kursledare. Nedan hittar du de tj\u00e4nster som vi just nu letar efter, men du \u00e4r alltid varmt v\u00e4lkommen att h\u00f6ra av dig till oss om du har en egen id\u00e9 eller ett engagemang som du skulle vilja bidra&#8230;<\/p>\n","protected":false},"author":1,"featured_media":0,"parent":0,"menu_order":0,"comment_status":"closed","ping_status":"closed","template":"","meta":{"_uf_show_specific_survey":0,"_uf_disable_surveys":false,"footnotes":""},"class_list":["post-7647","page","type-page","status-publish","hentry"],"aioseo_notices":[],"_links":{"self":[{"href":"https:\/\/www.timmermansgarden.se\/index.php?rest_route=\/wp\/v2\/pages\/7647","targetHints":{"allow":["GET"]}}],"collection":[{"href":"https:\/\/www.timmermansgarden.se\/index.php?rest_route=\/wp\/v2\/pages"}],"about":[{"href":"https:\/\/www.timmermansgarden.se\/index.php?rest_route=\/wp\/v2\/types\/page"}],"author":[{"embeddable":true,"href":"https:\/\/www.timmermansgarden.se\/index.php?rest_route=\/wp\/v2\/users\/1"}],"replies":[{"embeddable":true,"href":"https:\/\/www.timmermansgarden.se\/index.php?rest_route=%2Fwp%2Fv2%2Fcomments&post=7647"}],"version-history":[{"count":6,"href":"https:\/\/www.timmermansgarden.se\/index.php?rest_route=\/wp\/v2\/pages\/7647\/revisions"}],"predecessor-version":[{"id":7714,"href":"https:\/\/www.timmermansgarden.se\/index.php?rest_route=\/wp\/v2\/pages\/7647\/revisions\/7714"}],"wp:attachment":[{"href":"https:\/\/www.timmermansgarden.se\/index.php?rest_route=%2Fwp%2Fv2%2Fmedia&parent=7647"}],"curies":[{"name":"wp","href":"https:\/\/api.w.org\/{rel}","templated":true}]}}