{"id":82,"date":"2011-05-25T19:20:59","date_gmt":"2011-05-25T17:20:59","guid":{"rendered":"http:\/\/www.timmermansgarden.se\/wordpress\/?page_id=82"},"modified":"2026-02-20T15:39:18","modified_gmt":"2026-02-20T13:39:18","slug":"vuxenfritids","status":"publish","type":"page","link":"https:\/\/www.timmermansgarden.se\/?page_id=82","title":{"rendered":"LEVANDE VERKSTAD"},"content":{"rendered":"\n<div style=\"height:55px\" aria-hidden=\"true\" class=\"wp-block-spacer\"><\/div>\n\n\n<div class=\"wp-block-image\">\n<figure class=\"aligncenter size-full\"><a href=\"https:\/\/www.timmermansgarden.se\/wp-content\/uploads\/2026\/02\/image0.png\"><img loading=\"lazy\" decoding=\"async\" width=\"452\" height=\"640\" src=\"https:\/\/www.timmermansgarden.se\/wp-content\/uploads\/2026\/02\/image0.png\" alt=\"\" class=\"wp-image-7601\" srcset=\"https:\/\/www.timmermansgarden.se\/wp-content\/uploads\/2026\/02\/image0.png 452w, https:\/\/www.timmermansgarden.se\/wp-content\/uploads\/2026\/02\/image0-212x300.png 212w, https:\/\/www.timmermansgarden.se\/wp-content\/uploads\/2026\/02\/image0-300x425.png 300w\" sizes=\"auto, (max-width: 452px) 100vw, 452px\" \/><\/a><\/figure>\n<\/div>\n\n\n<div style=\"height:45px\" aria-hidden=\"true\" class=\"wp-block-spacer\"><\/div>\n\n\n\n<h2 class=\"wp-block-heading\">Skapa med oss!<\/h2>\n\n\n\n<p>Vi kommer ha workshops p\u1ea3 Timmermansg\u00e4rden: 23\/2, 9\/3, 23\/3, 20\/4, 4\/5, 18\/5, 1\/6, 15\/6                                                                                                                                <\/p>\n\n\n\n<p>Alltid mellan kl 17-20 gratis och drop-in!<\/p>\n\n\n\n<div style=\"height:100px\" aria-hidden=\"true\" class=\"wp-block-spacer\"><\/div>\n\n\n\n<p style=\"font-size:25px\"><strong>Alla kan skapa genom Levande verkstad<\/strong><\/p>\n\n\n\n<p style=\"font-size:16px\">Arvsfondsprojektet Alla kan skapa erbjuder en trygg och inkluderande plats d\u00e4r du f\u00e5r utforska kreativt skapande tillsammans med andra. H\u00e4r kan du k\u00e4nna gemenskap, uttrycka dig genom olika konstformer och vara en del av en meningsfull m\u00f6tesplats som motverkar ensamhet och skapar samh\u00f6righet.<br>Kom och testa, skapa och m\u00f6t nya v\u00e4nner i en milj\u00f6 d\u00e4r alla \u00e4r v\u00e4lkomna<\/p>\n\n\n\n<p style=\"font-size:16px\">H\u00e4r \u00e4r en l\u00e4nk till filmen om projektet&nbsp;<a href=\"https:\/\/youtu.be\/40x5-j0eEY0?si=DjyopGrSv5Vrfw7M\">https:\/\/youtu.be\/40&#215;5-j0eEY0?si=DjyopGrSv5Vrfw7M<\/a><\/p>\n\n\n\n<p style=\"font-size:16px\">Arvsfondsprojektet \u00e4r en n\u00f6dv\u00e4ndig respons p\u00e5 den utbredda ensamheten bland unga med synskada och NPF-diagnoser. Projektet skapar en inkluderande plats d\u00e4r gemenskap och kreativt skapande st\u00e5r i fokus \u2013 oavsett bakgrund eller erfarenhet. Genom att erbjuda meningsfulla m\u00f6ten, konstn\u00e4rligt utforskande och social samh\u00f6righet motverkas isolering och f\u00f6rb\u00e4ttras individens livskvalitet.<\/p>\n\n\n\n<p style=\"font-size:16px\">Med fokus p\u00e5 sj\u00e4lvuttryck, l\u00e4rande och st\u00f6d ger projektet deltagarna m\u00f6jlighet att utvecklas, bygga meningsfulla relationer och k\u00e4nna sig som en del av n\u00e5got st\u00f6rre. Det \u00e4r en plats d\u00e4r alla kan delta utan att definieras av sin funktionsvariation och d\u00e4r inkludering och samarbete fr\u00e4mjar personlig tillv\u00e4xt och \u00f6kad k\u00e4nsla av tillh\u00f6righet.<\/p>\n\n\n\n<p style=\"font-size:16px\">Filippa Eneroth projektledare, <a href=\"mailto:filippa@timmermansgarden.se\">filippa@timmermansgarden.se<\/a><br>Rebecca Lundberg, konstn\u00e4rlig handledare, <a href=\"mailto:rebecca@timmermansgarden.se\"><strong><\/strong><\/a><strong><a href=\"mailto:rebecka@timmermansgarden.se\" target=\"_blank\" rel=\"noreferrer noopener\">rebecka@timmermansgarden.se<\/a><\/strong><br>Telefontid: m\u00e5ndagar 15-18 mobil 0704-818994<\/p>\n\n\n\n<p class=\"has-text-align-left\" style=\"font-size:16px\"><strong>F\u00f6r aktuell information om projektets workshops f\u00f6lj oss p\u00e5:<\/strong><\/p>\n\n\n\n<p style=\"font-size:16px\"><strong>&nbsp;allakanskapa_levandeverkstad&nbsp;(instagram)<\/strong><\/p>\n\n\n\n<p style=\"font-size:16px\"><strong>Skapa Levande Verkstad ( Facebook)<\/strong><\/p>\n\n\n\n<div style=\"height:59px\" aria-hidden=\"true\" class=\"wp-block-spacer\"><\/div>\n\n\n\n<div class=\"wp-block-columns is-layout-flex wp-container-core-columns-is-layout-9d6595d7 wp-block-columns-is-layout-flex\">\n<div class=\"wp-block-column is-vertically-aligned-top is-layout-flow wp-block-column-is-layout-flow\" style=\"flex-basis:100%\">\n<div class=\"wp-block-group alignfull has-background\" style=\"background-color:#f5eac1;padding-top:6vw;padding-right:6vw;padding-bottom:6vw;padding-left:6vw\"><div class=\"wp-block-group__inner-container is-layout-flow wp-block-group-is-layout-flow\">\n<div class=\"wp-block-group is-vertical is-nowrap is-layout-flex wp-container-core-group-is-layout-287ef9cb wp-block-group-is-layout-flex\" style=\"padding-right:0;padding-left:0\">\n<p class=\"has-text-color\" style=\"color:#000000;font-size:6vw;font-style:normal;font-weight:700;letter-spacing:0px;line-height:0.9;text-decoration:none;text-transform:none\"><strong>SKAPA!<\/strong><\/p>\n\n\n\n<div style=\"height:0px\" aria-hidden=\"true\" class=\"wp-block-spacer wp-container-content-42577013\"><\/div>\n<\/div>\n\n\n\n<figure class=\"wp-block-image size-full is-resized\"><img loading=\"lazy\" decoding=\"async\" width=\"452\" height=\"640\" src=\"https:\/\/www.timmermansgarden.se\/wp-content\/uploads\/2026\/01\/image0-1.png\" alt=\"\" class=\"wp-image-7424\" style=\"width:656px;height:auto\" srcset=\"https:\/\/www.timmermansgarden.se\/wp-content\/uploads\/2026\/01\/image0-1.png 452w, https:\/\/www.timmermansgarden.se\/wp-content\/uploads\/2026\/01\/image0-1-212x300.png 212w, https:\/\/www.timmermansgarden.se\/wp-content\/uploads\/2026\/01\/image0-1-300x425.png 300w\" sizes=\"auto, (max-width: 452px) 100vw, 452px\" \/><\/figure>\n<\/div><\/div>\n<\/div>\n<\/div>\n<div id=\"facebook_like\"><iframe src=\"http:\/\/www.facebook.com\/plugins\/like.php?href=https%3A%2F%2Fwww.timmermansgarden.se%2F%3Fpage_id%3D82&amp;layout=standard&amp;show_faces=true&amp;width=500&amp;action=like&amp;font=segoe+ui&amp;colorscheme=light&amp;height=80\" scrolling=\"no\" frameborder=\"0\" style=\"border:none; overflow:hidden; width:500px; height:80px;\" allowTransparency=\"true\"><\/iframe><\/div>","protected":false},"excerpt":{"rendered":"<p>Skapa med oss! Vi kommer ha workshops p\u1ea3 Timmermansg\u00e4rden: 23\/2, 9\/3, 23\/3, 20\/4, 4\/5, 18\/5, 1\/6, 15\/6 Alltid mellan kl 17-20 gratis och drop-in! Alla kan skapa genom Levande verkstad Arvsfondsprojektet Alla kan skapa erbjuder en trygg och inkluderande plats d\u00e4r du f\u00e5r utforska kreativt skapande tillsammans med andra. H\u00e4r kan du k\u00e4nna gemenskap, uttrycka&#8230;<\/p>\n","protected":false},"author":1,"featured_media":0,"parent":0,"menu_order":4,"comment_status":"open","ping_status":"open","template":"","meta":{"_uf_show_specific_survey":0,"_uf_disable_surveys":false,"footnotes":""},"class_list":["post-82","page","type-page","status-publish","hentry"],"aioseo_notices":[],"_links":{"self":[{"href":"https:\/\/www.timmermansgarden.se\/index.php?rest_route=\/wp\/v2\/pages\/82","targetHints":{"allow":["GET"]}}],"collection":[{"href":"https:\/\/www.timmermansgarden.se\/index.php?rest_route=\/wp\/v2\/pages"}],"about":[{"href":"https:\/\/www.timmermansgarden.se\/index.php?rest_route=\/wp\/v2\/types\/page"}],"author":[{"embeddable":true,"href":"https:\/\/www.timmermansgarden.se\/index.php?rest_route=\/wp\/v2\/users\/1"}],"replies":[{"embeddable":true,"href":"https:\/\/www.timmermansgarden.se\/index.php?rest_route=%2Fwp%2Fv2%2Fcomments&post=82"}],"version-history":[{"count":137,"href":"https:\/\/www.timmermansgarden.se\/index.php?rest_route=\/wp\/v2\/pages\/82\/revisions"}],"predecessor-version":[{"id":7615,"href":"https:\/\/www.timmermansgarden.se\/index.php?rest_route=\/wp\/v2\/pages\/82\/revisions\/7615"}],"wp:attachment":[{"href":"https:\/\/www.timmermansgarden.se\/index.php?rest_route=%2Fwp%2Fv2%2Fmedia&parent=82"}],"curies":[{"name":"wp","href":"https:\/\/api.w.org\/{rel}","templated":true}]}}