{"id":9,"date":"2011-05-18T23:26:16","date_gmt":"2011-05-18T21:26:16","guid":{"rendered":"http:\/\/www.timmermansgarden.se\/wordpress\/?page_id=9"},"modified":"2026-02-10T20:59:31","modified_gmt":"2026-02-10T18:59:31","slug":"om-oss","status":"publish","type":"page","link":"https:\/\/www.timmermansgarden.se\/?page_id=9","title":{"rendered":"OM OSS"},"content":{"rendered":"<p><strong>En g\u00e5rd f\u00f6r alla \u00e5ldrar.<\/strong><br \/>\nS\u00f6dermalm har under l\u00e5ng tid pr\u00e4glats av industrier och en homogen arbetarbefolkning. Runt S\u00f6dra station fanns ett flertal industrier med ett \u00f6verv\u00e4gande antal kvinnor. Ett stort problem var barnpassningen. Efter m\u00f6nster fr\u00e5n England bildades Birkag\u00e5rden 1912 som en hemg\u00e5rd f\u00f6r befolkningen och industriarbetarna i nordv\u00e4stra Vasastaden.<\/p>\n<p><strong><em>&#8221;Hemg\u00e5rden ska vara ett socialt arbetsrum som har till syfte att verka f\u00f6r gemenskap och f\u00f6rst\u00e5else f\u00f6r m\u00e4nniskor \u00f6ver alla \u00e5lders-, yrkes-, och \u00e5siktsgr\u00e4nser, samt befr\u00e4mja \u00f6msesidigt bist\u00e5nd i str\u00e4vandet f\u00f6r fortsatt personlig utveckling&#8221;<\/em><\/strong><\/p>\n<p>\/Ur Riksf\u00f6rbundet Sveriges Hemg\u00e5rdars f\u00f6rsta stadgar.<\/p>\n<p>P\u00e5 s\u00f6dermalm \u00f6ppnades \u00e5r 1916 S\u00f6derg\u00e5rden. Den blev i f\u00f6rsta hand en hemg\u00e5rd f\u00f6r Tobaksmonopolets anst\u00e4llda och i g\u00e5rden installerades en barnkrubba f\u00f6r de anst\u00e4lldas barn. Dessutom fanns ett s.k. barnv\u00e4rn f\u00f6r skolbarn, ett slags fritidshem f\u00f6r barn d\u00e4r barnen ocks\u00e5 fick ett m\u00e5l mat. P\u00e5 g\u00e5rden bedrevs \u00e4ven en studieverksamhet f\u00f6r de anst\u00e4llda.<\/p>\n<p>Tobaksbolaget ans\u00e5g sig inte vilja ansvara f\u00f6r barntillsynen varf\u00f6r personalkonsulten Herta Svensson tog kontakt med andra f\u00f6retag i trakten som kunde t\u00e4nkas vara intresserade av att starta en hemg\u00e5rd i denna del av S\u00f6dermalm. Hon tog ocks\u00e5 kontakt med ansvariga politiker och med Stockholmshem. Stockholmshem hade nyligen uppf\u00f6rt barnrikehus vid Bergsgruvan.<\/p>\n<p>\u00c5r 1943 bildades F\u00f6reningen Timmermansg\u00e5rden f\u00f6r att i f\u00f6rsta hand ta \u00f6ver barntillsynen. Anslag till verksamheten l\u00e4mnades fr\u00e5n Tobaksmonopolet, Vin &amp; Sprit, Kooperativa f\u00f6rbundet, AB Gunnar Collijn och Stockholmshem som ansvarade f\u00f6r byggandet. Verksamheten bedrevs till en b\u00f6rjan i den s.k. Malmquvistiska g\u00e5rden i Bergsgruvan.<br \/>\n\u00c5r 1945 stod den egna byggnaden f\u00e4rdig. I det nya huset inrymdes daghem, lekskola och eftermiddagshem. \u00c5ret efter tillkom klubb-, studie- och fritidsverksamheten f\u00f6r barn, ungdom och vuxna.<\/p>\n<p>F\u00f6r att f\u00f6rb\u00e4ttra g\u00e5rdens ekonomi bildades \u00e5r 1953 Timmermansg\u00e5rdens v\u00e4nner. Denna f\u00f6rening fick karakt\u00e4ren av st\u00f6df\u00f6rening n\u00e4r f\u00f6retagen ekonomiskt drog sig ur verksamheten och de kommunala bidragen \u00f6kade. Verksamheten i Timmermansg\u00e5rden fortsatte att v\u00e4xa och \u00e5r 1958 stod tillbyggnaden mot Timmermansgatan, &#8221;annexet&#8221; klart.<\/p>\n<p>Fr\u00e5n starten \u00e4r g\u00e5rden ansluten till Riksf\u00f6rbundet Sveriges Fritids- och hemg\u00e5rdar, Fritidsforum. Medlemskapet inneb\u00e4r samarbete med andra g\u00e5rdar med liknande verksamhetsinriktningar.<\/p>\n<p>Fram till 1984 var Timmermansg\u00e5rden ansluten till Centralf\u00f6reningen f\u00f6r Stockholms eftermiddagshem. D\u00e4refter uppl\u00f6stes Centralf\u00f6reningen och ansvaret f\u00f6r barnstugan och fritidshemmet \u00f6vergick till Socialf\u00f6rvaltningen och \u00e4r idag en kommunal barnstuga.<\/p>\n<p>Timmermansg\u00e5rden av idag best\u00e5r fr\u00e4mst av studie- och fritidsverksamhet. Studieverksamheten sker i samarbete med NBV. Fritidsg\u00e5rden \u00e4r \u00f6ppen tre till fyra kv\u00e4llar i veckan och v\u00e4nder sig till barn i mellanstadie\u00e5ldern.<\/p>\n<div id=\"facebook_like\"><iframe src=\"http:\/\/www.facebook.com\/plugins\/like.php?href=https%3A%2F%2Fwww.timmermansgarden.se%2F%3Fpage_id%3D9&amp;layout=standard&amp;show_faces=true&amp;width=500&amp;action=like&amp;font=segoe+ui&amp;colorscheme=light&amp;height=80\" scrolling=\"no\" frameborder=\"0\" style=\"border:none; overflow:hidden; width:500px; height:80px;\" allowTransparency=\"true\"><\/iframe><\/div>","protected":false},"excerpt":{"rendered":"<p>En g\u00e5rd f\u00f6r alla \u00e5ldrar. S\u00f6dermalm har under l\u00e5ng tid pr\u00e4glats av industrier och en homogen arbetarbefolkning. Runt S\u00f6dra station fanns ett flertal industrier med ett \u00f6verv\u00e4gande antal kvinnor. Ett stort problem var barnpassningen. Efter m\u00f6nster fr\u00e5n England bildades Birkag\u00e5rden 1912 som en hemg\u00e5rd f\u00f6r befolkningen och industriarbetarna i nordv\u00e4stra Vasastaden. &#8221;Hemg\u00e5rden ska vara ett&#8230;<\/p>\n","protected":false},"author":1,"featured_media":0,"parent":0,"menu_order":6,"comment_status":"open","ping_status":"open","template":"","meta":{"_uf_show_specific_survey":0,"_uf_disable_surveys":false,"footnotes":""},"class_list":["post-9","page","type-page","status-publish","hentry"],"aioseo_notices":[],"_links":{"self":[{"href":"https:\/\/www.timmermansgarden.se\/index.php?rest_route=\/wp\/v2\/pages\/9","targetHints":{"allow":["GET"]}}],"collection":[{"href":"https:\/\/www.timmermansgarden.se\/index.php?rest_route=\/wp\/v2\/pages"}],"about":[{"href":"https:\/\/www.timmermansgarden.se\/index.php?rest_route=\/wp\/v2\/types\/page"}],"author":[{"embeddable":true,"href":"https:\/\/www.timmermansgarden.se\/index.php?rest_route=\/wp\/v2\/users\/1"}],"replies":[{"embeddable":true,"href":"https:\/\/www.timmermansgarden.se\/index.php?rest_route=%2Fwp%2Fv2%2Fcomments&post=9"}],"version-history":[{"count":14,"href":"https:\/\/www.timmermansgarden.se\/index.php?rest_route=\/wp\/v2\/pages\/9\/revisions"}],"predecessor-version":[{"id":7520,"href":"https:\/\/www.timmermansgarden.se\/index.php?rest_route=\/wp\/v2\/pages\/9\/revisions\/7520"}],"wp:attachment":[{"href":"https:\/\/www.timmermansgarden.se\/index.php?rest_route=%2Fwp%2Fv2%2Fmedia&parent=9"}],"curies":[{"name":"wp","href":"https:\/\/api.w.org\/{rel}","templated":true}]}}